{"id":11,"date":"2024-01-21T12:29:02","date_gmt":"2024-01-21T12:29:02","guid":{"rendered":"https:\/\/tavaszkert.hu\/?page_id=11"},"modified":"2026-01-16T15:30:01","modified_gmt":"2026-01-16T15:30:01","slug":"fooldal","status":"publish","type":"page","link":"https:\/\/tavaszkert.hu\/","title":{"rendered":"F\u0151oldal"},"content":{"rendered":"<p>[et_pb_section fb_built=&#8221;1&#8243; fullwidth=&#8221;on&#8221; _builder_version=&#8221;4.27.5&#8243; _module_preset=&#8221;default&#8221; global_colors_info=&#8221;{}&#8221;][et_pb_fullwidth_slider _builder_version=&#8221;4.27.5&#8243; _module_preset=&#8221;default&#8221; body_font_size=&#8221;16px&#8221; custom_padding=&#8221;101px||92px|||&#8221; body_text_shadow_style=&#8221;preset2&#8243; global_colors_info=&#8221;{}&#8221;][et_pb_slide _builder_version=&#8221;4.27.5&#8243; _module_preset=&#8221;default&#8221; body_font_size=&#8221;55px&#8221; body_line_height=&#8221;1.8em&#8221; background_image=&#8221;https:\/\/tavaszkert.hu\/wp-content\/uploads\/2026\/01\/tk_26_1.jpg&#8221; background_enable_image=&#8221;on&#8221; body_font_size_tablet=&#8221;55px&#8221; body_font_size_phone=&#8221;33px&#8221; body_font_size_last_edited=&#8221;on|phone&#8221; global_colors_info=&#8221;{}&#8221; sticky_transition=&#8221;on&#8221;]<\/p>\n<p>tavaszkert D\u00edszn\u00f6v\u00e9ny 2025 Szakki\u00e1ll\u00edt\u00e1s \u00e9s V\u00e1s\u00e1r <br \/>2026. \u00e1prilis 24-26.<\/p>\n<p>[\/et_pb_slide][et_pb_slide _builder_version=&#8221;4.27.5&#8243; _module_preset=&#8221;default&#8221; body_font_size=&#8221;55px&#8221; body_line_height=&#8221;1.8em&#8221; background_image=&#8221;https:\/\/tavaszkert.hu\/wp-content\/uploads\/2026\/01\/tk_26_2.jpg&#8221; background_enable_image=&#8221;on&#8221; body_font_size_tablet=&#8221;55px&#8221; body_font_size_phone=&#8221;33px&#8221; body_font_size_last_edited=&#8221;on|phone&#8221; global_colors_info=&#8221;{}&#8221; sticky_transition=&#8221;on&#8221;]<\/p>\n<p>MATE Budai Campus<br \/>1119 Budapest, Vill\u00e1nyi \u00fat 29-43.<\/p>\n<p>[\/et_pb_slide][\/et_pb_fullwidth_slider][\/et_pb_section][et_pb_section fb_built=&#8221;1&#8243; _builder_version=&#8221;4.24.0&#8243; _module_preset=&#8221;default&#8221; custom_padding=&#8221;35px|||||&#8221; global_colors_info=&#8221;{}&#8221;][et_pb_row _builder_version=&#8221;4.27.0&#8243; _module_preset=&#8221;default&#8221; custom_padding=&#8221;27px|||||&#8221; global_colors_info=&#8221;{}&#8221;][et_pb_column type=&#8221;4_4&#8243; _builder_version=&#8221;4.24.0&#8243; _module_preset=&#8221;default&#8221; global_colors_info=&#8221;{}&#8221;][et_pb_text _builder_version=&#8221;4.27.5&#8243; _module_preset=&#8221;default&#8221; text_font_size=&#8221;17px&#8221; text_line_height=&#8221;1.8em&#8221; header_line_height=&#8221;1.6em&#8221; header_2_text_color=&#8221;#636363&#8243; header_2_font_size=&#8221;28px&#8221; custom_margin=&#8221;||69px|||&#8221; global_colors_info=&#8221;{}&#8221;]<\/p>\n<h1><span style=\"color: #be5c8d;\"><strong>TAVASZKERT 2026<\/strong><\/span><\/h1>\n<h1><strong>\u00c1prilisban \u00fajra tavaszkert D\u00edszn\u00f6v\u00e9ny 2026 Szakki\u00e1ll\u00edt\u00e1s \u00e9s V\u00e1s\u00e1r a Budai Arbor\u00e9tumban a Vill\u00e1nyi \u00faton!<\/strong><\/h1>\n<p><strong><\/strong><\/p>\n<p>Minden, ami tavasz!<\/p>\n<p>Pal\u00e1nt\u00e1k, vir\u00e1gok, n\u00f6v\u00e9nyek, kert\u00e9szeti kell\u00e9kek \u00e9s szolg\u00e1ltat\u00e1sok, gasztron\u00f3miai finoms\u00e1gok, term\u00e9szetk\u00f6zeli design alkot\u00e1sok, Extr\u00e9m n\u00f6v\u00e9nyek vil\u00e1ga Ki\u00e1ll\u00edt\u00e1s, Arbor\u00e9tumi s\u00e9ta, Biokert l\u00e1togat\u00e1s, kert\u00e9szeti el\u0151ad\u00e1sok, tan\u00e1csad\u00e1sok, n\u00f6v\u00e9nyes \u00e9s gyerekeknek sz\u00f3l\u00f3 programok.<\/p>\n<p>V\u00e1runk mindenkit Budapest csodasz\u00e9p vir\u00e1gos tavaszi h\u00e9tv\u00e9g\u00e9j\u00e9n!<\/p>\n<p>Helysz\u00edn:<br \/>MATE Budai Campus Parkol\u00f3 \u00e9s K \u00e9p\u00fclet<br \/>1118 Budapest, Vill\u00e1nyi \u00fat 29-43.<\/p>\n<p>[\/et_pb_text][et_pb_text _builder_version=&#8221;4.27.5&#8243; _module_preset=&#8221;default&#8221; text_font_size=&#8221;17px&#8221; text_line_height=&#8221;1.8em&#8221; header_2_text_color=&#8221;#636363&#8243; header_2_font_size=&#8221;28px&#8221; global_colors_info=&#8221;{}&#8221;]<\/p>\n<h2 class=\"v1MsoNormal\" style=\"text-align: center;\"><strong>Iratkozz fel a <span style=\"color: #be5c8d;\">h\u00edrlev\u00e9lre<\/span>!\u00a0<\/strong><\/h2>\n<p class=\"v1MsoNormal\">\n<p>[\/et_pb_text][et_pb_contact_form email=&#8221;hirlevel@tavaszkert.hu&#8221; submit_button_text=&#8221;FELIRATKOZOM&#8221; _builder_version=&#8221;4.27.5&#8243; _module_preset=&#8221;default&#8221; _unique_id=&#8221;70f3f3a5-2ab4-413d-80fe-31f0eda02a98&#8243; form_field_background_color=&#8221;rgba(191,87,139,0.68)&#8221; form_field_text_color=&#8221;#474747&#8243; captcha_font_size=&#8221;16px&#8221; form_field_font_size=&#8221;17px&#8221; custom_button=&#8221;on&#8221; button_text_size=&#8221;18px&#8221; button_text_color=&#8221;#4c4c4c&#8221; button_bg_color=&#8221;#bf89a4&#8243; button_border_width=&#8221;0px&#8221; button_border_radius=&#8221;3px&#8221; border_radii=&#8221;off|3px|3px|3px|3px&#8221; global_colors_info=&#8221;{}&#8221;][et_pb_contact_field field_id=&#8221;Vezet\u00e9kn\u00e9v&#8221; field_title=&#8221;Vezet\u00e9kn\u00e9v&#8221; _builder_version=&#8221;4.24.2&#8243; global_colors_info=&#8221;{}&#8221; button_text_size__hover_enabled=&#8221;off&#8221; button_one_text_size__hover_enabled=&#8221;off&#8221; button_two_text_size__hover_enabled=&#8221;off&#8221; button_text_color__hover_enabled=&#8221;off&#8221; button_one_text_color__hover_enabled=&#8221;off&#8221; button_two_text_color__hover_enabled=&#8221;off&#8221; button_border_width__hover_enabled=&#8221;off&#8221; button_one_border_width__hover_enabled=&#8221;off&#8221; button_two_border_width__hover_enabled=&#8221;off&#8221; button_border_color__hover_enabled=&#8221;off&#8221; button_one_border_color__hover_enabled=&#8221;off&#8221; button_two_border_color__hover_enabled=&#8221;off&#8221; button_border_radius__hover_enabled=&#8221;off&#8221; button_one_border_radius__hover_enabled=&#8221;off&#8221; button_two_border_radius__hover_enabled=&#8221;off&#8221; button_letter_spacing__hover_enabled=&#8221;off&#8221; button_one_letter_spacing__hover_enabled=&#8221;off&#8221; button_two_letter_spacing__hover_enabled=&#8221;off&#8221; button_bg_color__hover_enabled=&#8221;off&#8221; button_one_bg_color__hover_enabled=&#8221;off&#8221; button_two_bg_color__hover_enabled=&#8221;off&#8221;][\/et_pb_contact_field][et_pb_contact_field field_id=&#8221;Keresztn\u00e9v&#8221; field_title=&#8221;Keresztn\u00e9v&#8221; _builder_version=&#8221;4.24.2&#8243; global_colors_info=&#8221;{}&#8221; button_text_size__hover_enabled=&#8221;off&#8221; button_one_text_size__hover_enabled=&#8221;off&#8221; button_two_text_size__hover_enabled=&#8221;off&#8221; button_text_color__hover_enabled=&#8221;off&#8221; button_one_text_color__hover_enabled=&#8221;off&#8221; button_two_text_color__hover_enabled=&#8221;off&#8221; button_border_width__hover_enabled=&#8221;off&#8221; button_one_border_width__hover_enabled=&#8221;off&#8221; button_two_border_width__hover_enabled=&#8221;off&#8221; button_border_color__hover_enabled=&#8221;off&#8221; button_one_border_color__hover_enabled=&#8221;off&#8221; button_two_border_color__hover_enabled=&#8221;off&#8221; button_border_radius__hover_enabled=&#8221;off&#8221; button_one_border_radius__hover_enabled=&#8221;off&#8221; button_two_border_radius__hover_enabled=&#8221;off&#8221; button_letter_spacing__hover_enabled=&#8221;off&#8221; button_one_letter_spacing__hover_enabled=&#8221;off&#8221; button_two_letter_spacing__hover_enabled=&#8221;off&#8221; button_bg_color__hover_enabled=&#8221;off&#8221; button_one_bg_color__hover_enabled=&#8221;off&#8221; button_two_bg_color__hover_enabled=&#8221;off&#8221;][\/et_pb_contact_field][et_pb_contact_field field_id=&#8221;Email_c\u00edm&#8221; field_title=&#8221;Email c\u00edm&#8221; field_type=&#8221;email&#8221; _builder_version=&#8221;4.24.2&#8243; global_colors_info=&#8221;{}&#8221; button_text_size__hover_enabled=&#8221;off&#8221; button_one_text_size__hover_enabled=&#8221;off&#8221; button_two_text_size__hover_enabled=&#8221;off&#8221; button_text_color__hover_enabled=&#8221;off&#8221; button_one_text_color__hover_enabled=&#8221;off&#8221; button_two_text_color__hover_enabled=&#8221;off&#8221; button_border_width__hover_enabled=&#8221;off&#8221; button_one_border_width__hover_enabled=&#8221;off&#8221; button_two_border_width__hover_enabled=&#8221;off&#8221; button_border_color__hover_enabled=&#8221;off&#8221; button_one_border_color__hover_enabled=&#8221;off&#8221; button_two_border_color__hover_enabled=&#8221;off&#8221; button_border_radius__hover_enabled=&#8221;off&#8221; button_one_border_radius__hover_enabled=&#8221;off&#8221; button_two_border_radius__hover_enabled=&#8221;off&#8221; button_letter_spacing__hover_enabled=&#8221;off&#8221; button_one_letter_spacing__hover_enabled=&#8221;off&#8221; button_two_letter_spacing__hover_enabled=&#8221;off&#8221; button_bg_color__hover_enabled=&#8221;off&#8221; button_one_bg_color__hover_enabled=&#8221;off&#8221; button_two_bg_color__hover_enabled=&#8221;off&#8221;][\/et_pb_contact_field][et_pb_contact_field field_id=&#8221;Adatv\u00e9delem&#8221; field_title=&#8221; &#8221; field_type=&#8221;radio&#8221; radio_options=&#8221;%91{%22value%22:%22Elfogadom az adatv\u00e9delmi nyilatkozatot.%22,%22checked%22:0,%22dragID%22:-1,%22link_url%22:%22https:\/\/tavaszkert.hu\/index.php\/privacy-policy\/%22}%93&#8243; _builder_version=&#8221;4.24.2&#8243; _module_preset=&#8221;default&#8221; global_colors_info=&#8221;{}&#8221;][\/et_pb_contact_field][\/et_pb_contact_form][\/et_pb_column][\/et_pb_row][\/et_pb_section]<\/p>\n","protected":false},"excerpt":{"rendered":"<p>tavaszkert D\u00edszn\u00f6v\u00e9ny 2025 Szakki\u00e1ll\u00edt\u00e1s \u00e9s V\u00e1s\u00e1r 2026. \u00e1prilis 24-26.MATE Budai Campus1119 Budapest, Vill\u00e1nyi \u00fat 29-43.TAVASZKERT 2026 \u00c1prilisban \u00fajra tavaszkert D\u00edszn\u00f6v\u00e9ny 2026 Szakki\u00e1ll\u00edt\u00e1s \u00e9s V\u00e1s\u00e1r a Budai Arbor\u00e9tumban a Vill\u00e1nyi \u00faton! Minden, ami tavasz! Pal\u00e1nt\u00e1k, vir\u00e1gok, n\u00f6v\u00e9nyek, kert\u00e9szeti kell\u00e9kek \u00e9s szolg\u00e1ltat\u00e1sok, gasztron\u00f3miai finoms\u00e1gok, term\u00e9szetk\u00f6zeli design alkot\u00e1sok, Extr\u00e9m n\u00f6v\u00e9nyek vil\u00e1ga Ki\u00e1ll\u00edt\u00e1s, Arbor\u00e9tumi s\u00e9ta, Biokert l\u00e1togat\u00e1s, kert\u00e9szeti el\u0151ad\u00e1sok, [&hellip;]<\/p>\n","protected":false},"author":1,"featured_media":0,"parent":0,"menu_order":0,"comment_status":"closed","ping_status":"closed","template":"","meta":{"_et_pb_use_builder":"on","_et_pb_old_content":"<!-- wp:divi\/placeholder \/-->","_et_gb_content_width":"","footnotes":""},"class_list":["post-11","page","type-page","status-publish","hentry"],"_links":{"self":[{"href":"https:\/\/tavaszkert.hu\/index.php\/wp-json\/wp\/v2\/pages\/11","targetHints":{"allow":["GET"]}}],"collection":[{"href":"https:\/\/tavaszkert.hu\/index.php\/wp-json\/wp\/v2\/pages"}],"about":[{"href":"https:\/\/tavaszkert.hu\/index.php\/wp-json\/wp\/v2\/types\/page"}],"author":[{"embeddable":true,"href":"https:\/\/tavaszkert.hu\/index.php\/wp-json\/wp\/v2\/users\/1"}],"replies":[{"embeddable":true,"href":"https:\/\/tavaszkert.hu\/index.php\/wp-json\/wp\/v2\/comments?post=11"}],"version-history":[{"count":40,"href":"https:\/\/tavaszkert.hu\/index.php\/wp-json\/wp\/v2\/pages\/11\/revisions"}],"predecessor-version":[{"id":981,"href":"https:\/\/tavaszkert.hu\/index.php\/wp-json\/wp\/v2\/pages\/11\/revisions\/981"}],"wp:attachment":[{"href":"https:\/\/tavaszkert.hu\/index.php\/wp-json\/wp\/v2\/media?parent=11"}],"curies":[{"name":"wp","href":"https:\/\/api.w.org\/{rel}","templated":true}]}}