{"id":15,"date":"2024-01-21T12:29:32","date_gmt":"2024-01-21T12:29:32","guid":{"rendered":"https:\/\/tavaszkert.hu\/?page_id=15"},"modified":"2026-04-15T16:08:25","modified_gmt":"2026-04-15T16:08:25","slug":"programok","status":"publish","type":"page","link":"https:\/\/tavaszkert.hu\/index.php\/programok\/","title":{"rendered":"programok"},"content":{"rendered":"<p>[et_pb_section fb_built=&#8221;1&#8243; fullwidth=&#8221;on&#8221; _builder_version=&#8221;4.27.4&#8243; _module_preset=&#8221;default&#8221; global_colors_info=&#8221;{}&#8221;][et_pb_fullwidth_slider _builder_version=&#8221;4.27.5&#8243; _module_preset=&#8221;default&#8221; body_font_size=&#8221;16px&#8221; custom_padding=&#8221;101px||92px|||&#8221; body_text_shadow_style=&#8221;preset2&#8243; global_colors_info=&#8221;{}&#8221;][et_pb_slide _builder_version=&#8221;4.27.5&#8243; _module_preset=&#8221;default&#8221; body_font_size=&#8221;55px&#8221; body_line_height=&#8221;1.8em&#8221; background_image=&#8221;https:\/\/tavaszkert.hu\/wp-content\/uploads\/2026\/01\/tk_26_1.jpg&#8221; background_enable_image=&#8221;on&#8221; body_font_size_tablet=&#8221;55px&#8221; body_font_size_phone=&#8221;33px&#8221; body_font_size_last_edited=&#8221;on|phone&#8221; global_colors_info=&#8221;{}&#8221; sticky_transition=&#8221;on&#8221;]<\/p>\n<p>tavaszkert D\u00edszn\u00f6v\u00e9ny 2026 Szakki\u00e1ll\u00edt\u00e1s \u00e9s V\u00e1s\u00e1r <br \/>2026. \u00e1prilis 24-26.<\/p>\n<p>[\/et_pb_slide][et_pb_slide _builder_version=&#8221;4.27.5&#8243; _module_preset=&#8221;default&#8221; body_font_size=&#8221;55px&#8221; body_line_height=&#8221;1.8em&#8221; background_image=&#8221;https:\/\/tavaszkert.hu\/wp-content\/uploads\/2026\/01\/tk_26_2.jpg&#8221; background_enable_image=&#8221;on&#8221; body_font_size_tablet=&#8221;55px&#8221; body_font_size_phone=&#8221;33px&#8221; body_font_size_last_edited=&#8221;on|phone&#8221; global_colors_info=&#8221;{}&#8221; sticky_transition=&#8221;on&#8221;]<\/p>\n<p>MATE Budai Campus<br \/>1119 Budapest, Vill\u00e1nyi \u00fat 29-43.<\/p>\n<p>[\/et_pb_slide][\/et_pb_fullwidth_slider][\/et_pb_section][et_pb_section fb_built=&#8221;1&#8243; _builder_version=&#8221;4.24.0&#8243; _module_preset=&#8221;default&#8221; global_colors_info=&#8221;{}&#8221;][et_pb_row _builder_version=&#8221;4.24.0&#8243; _module_preset=&#8221;default&#8221; global_colors_info=&#8221;{}&#8221;][et_pb_column type=&#8221;4_4&#8243; _builder_version=&#8221;4.24.0&#8243; _module_preset=&#8221;default&#8221; global_colors_info=&#8221;{}&#8221;][et_pb_text _builder_version=&#8221;4.24.3&#8243; _module_preset=&#8221;default&#8221; text_font=&#8221;|600||on|||||&#8221; text_text_color=&#8221;#636363&#8243; text_font_size=&#8221;40px&#8221; global_colors_info=&#8221;{}&#8221;]<\/p>\n<p style=\"text-align: center;\">PROGRAMOK<\/p>\n<p>[\/et_pb_text][\/et_pb_column][\/et_pb_row][et_pb_row _builder_version=&#8221;4.27.5&#8243; _module_preset=&#8221;default&#8221; global_colors_info=&#8221;{}&#8221;][et_pb_column type=&#8221;4_4&#8243; _builder_version=&#8221;4.27.4&#8243; _module_preset=&#8221;default&#8221; global_colors_info=&#8221;{}&#8221;][et_pb_text _builder_version=&#8221;4.27.6&#8243; _module_preset=&#8221;default&#8221; global_colors_info=&#8221;{}&#8221;]<\/p>\n<p><span style=\"color: #00890b;\"><a href=\"https:\/\/www.facebook.com\/events\/717566254733613\" target=\"_blank\" rel=\"noopener\" style=\"color: #00890b;\"><strong>T\u00f6bb, mint 100 ki\u00e1ll\u00edt\u00f3 k\u00fcl\u00f6nleges n\u00f6v\u00e9nyes, kert\u00e9szeti, termel\u0151i \u00e9s term\u00e9szetesk\u00f6zeli diz\u00e1jn term\u00e9k k\u00edn\u00e1lata<\/strong><\/a><\/span><\/p>\n<p><a href=\"https:\/\/www.facebook.com\/events\/2374081173107424\" target=\"_blank\" rel=\"noopener\"><span style=\"color: #00890b;\"><strong>Extr\u00e9m N\u00f6v\u00e9nyek Vil\u00e1ga Ki\u00e1ll\u00edt\u00e1s<\/strong> <strong>a<\/strong><\/span> <strong>MATE f\u0151\u00e9p\u00fclet\u00e9ben<\/strong><\/a><strong><\/strong><\/p>\n<p><span style=\"color: #00890b;\"><a href=\"https:\/\/www.facebook.com\/events\/1139901964797144\" target=\"_blank\" rel=\"noopener\" style=\"color: #00890b;\"><strong>tavaszkert s\u00e9ta a Budai Arbor\u00e9tumban <\/strong><\/a><\/span>szakvezet\u0151i s\u00e9ta, indul\u00e1si id\u0151pontok a rendezv\u00e9ny minden napj\u00e1n 11:00 \u00e9s 15:00 \u00f3rakor<\/p>\n<p><span style=\"color: #00890b;\"><a href=\"https:\/\/www.facebook.com\/events\/4320546234849336\" target=\"_blank\" rel=\"noopener\" style=\"color: #00890b;\"><strong>Biokert l\u00e1togat\u00e1s magas\u00e1gy\u00e1s workshoppal <\/strong><\/a><\/span>\u00e1prilis 26., 14:00<\/p>\n<p><span style=\"color: #00890b;\"><a href=\"https:\/\/www.facebook.com\/events\/914183628196977\" target=\"_blank\" rel=\"noopener\" style=\"color: #00890b;\"><strong>T\u00f6kMag Kert a tavaszkerten!<\/strong><\/a><\/span><\/p>\n<p style=\"text-align: left;\"><span style=\"color: #008000;\"><strong>tavaszkert Gyerek Liget <\/strong><\/span>titkos kert workshop, n\u00f6v\u00e9nyes k\u00e9pk\u00e9sz\u00edt\u00e9s<\/p>\n<div id=\":2fu\" class=\"Am aiL Al editable LW-avf tS-tW tS-tY\" hidefocus=\"true\" aria-label=\"\u00dczenet t\u00f6rzse\" writingsuggestions=\"false\" g_editable=\"true\" role=\"textbox\" aria-multiline=\"true\" contenteditable=\"true\" spellcheck=\"false\" aria-owns=\":3bq\" aria-controls=\":3bq\" aria-expanded=\"false\" tabindex=\"1\">\n<p><strong>Legy\u00e9l Te is Kert\u00e9sz-seg\u00e9d!<\/strong> \u00e1prilis 25., 26., 10:00-11:00<br \/>Egy j\u00e1t\u00e9kos kert\u00e9szeti kaland gyerekeknek,ahol t\u00f6bb \u00e1llom\u00e1son pecs\u00e9teket gy\u0171jtve ismerkedhetnek meg a n\u00f6v\u00e9nyek vil\u00e1g\u00e1val: \u00fcltet\u00e9s, term\u00e9stapogat\u00f3, illatfelismer\u00e9s \u00e9s magdetekt\u00edv feladatok v\u00e1rj\u00e1k \u0151ket. A program v\u00e9g\u00e9n minden kis r\u00e9sztvev\u0151 n\u00e9vre sz\u00f3l\u00f3 Kert\u00e9sz-seg\u00e9d oklevelet kap, \u00e9s hazaviheti az el\u00fcltetett n\u00f6v\u00e9ny\u00e9t is. A programon sz\u00fcl\u0151vel \/ k\u00eds\u00e9r\u0151vel egy\u00fctt v\u00e1rjuk a gyerekeket, helysz\u00edn: tavaszkert Gyerek Liget.<\/p>\n<p><span style=\"color: #008000;\"><strong>GASZTRO UDVAR<\/strong><\/span><\/p>\n<\/div>\n<p style=\"text-align: left;\">Happy Churros, Fagyi,\u00a0 Meraki G\u00f6r\u00f6g Food Truck, S\u00f6rbie, T\u00e9sztafesz\u00edt\u0151 Kisiparos, Zerge Coffeeshop<\/p>\n<p style=\"text-align: left;\"><span style=\"color: #339966;\"><strong>EL\u0150AD\u00c1SOK<\/strong><\/span><br \/><span style=\"color: #339966;\"><strong><\/strong><\/span><\/p>\n<p style=\"text-align: left;\"><span style=\"color: #339966;\"><strong>\u00e1prilis 24., p\u00e9ntek<\/strong><\/span><br \/><strong><\/strong><\/p>\n<p style=\"text-align: left;\"><strong>TAVASZKERT S\u00c1TOR<\/strong><br \/>11:30 Dr. Taranyi D\u00f3ra: A sz\u0151l\u0151 \u00e1pol\u00e1s\u00e1nak fontos l\u00e9p\u00e9sei<br \/>12:30 Dr. Simon Gergely: \u00dcltet\u00e9si anyagok \u00e9s tavaszi munk\u00e1k a gy\u00fcm\u00f6lcs\u00f6sben<br \/>13:30 Dr. Pluh\u00e1r Zsuzsanna \u2013 Dr. Rad\u00e1csi P\u00e9ter: H\u00e1zikerti gy\u00f3gyn\u00f6v\u00e9nyek szapor\u00edt\u00e1sa \u00e9s \u00e1pol\u00e1sa<br \/>14:30 Sik\u00f3 Patr\u00edcia Zelma: Gombatermeszt\u00e9s h\u00e1zi eszk\u00f6z\u00f6kkel<br \/><strong><\/strong><\/p>\n<p style=\"text-align: left;\"><strong>K \u00c9P\u00dcLET F\u00d6LDSZINT<\/strong><br \/>10:00-16:00 N\u00f6v\u00e9nyv\u00e9delmi szaktan\u00e1csad\u00e1s (K \u00e9p\u00fclet f\u00f6ldszint)<br \/>Dr. Fail J\u00f3zsef egyetemi docens, int\u00e9zetigazgat\u00f3, N\u00f6v\u00e9nyv\u00e9delmi Int\u00e9zet<br \/>Dr. Horv\u00e1thn\u00e9 Petr\u00f3czy Marietta egyetemi docens, tansz\u00e9kvezet\u0151, N\u00f6v\u00e9nyk\u00f3rtani Tansz\u00e9k<br \/>Dr. Nagy G\u00e9za egyetemi docens, N\u00f6v\u00e9nyk\u00f3rtani Tansz\u00e9k<br \/>Rad\u00e1csin\u00e9 dr. H\u00e1ri Katalin egyetemi adjunktus, Rovartani Tansz\u00e9k<br \/>A N\u00f6v\u00e9nyv\u00e9delmi Int\u00e9zet munkat\u00e1rsai a rendezv\u00e9ny l\u00e1togat\u00f3inak adnak szaktan\u00e1csad\u00e1st, hozott n\u00f6v\u00e9nyminta eset\u00e9n annak vizsg\u00e1lat\u00e1val diagn\u00f3zist is \u00e1ll\u00edtanak fel \u00e9s kezel\u00e9si javaslatot is adnak.<\/p>\n<p style=\"text-align: left;\"><strong>GASZTRO UDVAR<\/strong><br \/>11:00 Helfn\u00e9 Szab\u00f3 Zsuzsanna: Gy\u00f3gy- \u00e9s f\u0171szern\u00f6v\u00e9nyek a balkonon \u00e9s kiskertjeinkben<\/p>\n<p style=\"text-align: left;\"><strong>G \u00c9P\u00dcLET MELLETTI R\u00d3ZSASAROK<\/strong><br \/>15:00 \u00d3nodi Szab\u00f3 S\u00e1ndor: A vir\u00e1gok kir\u00e1lyn\u0151je: A r\u00f3zsa<\/p>\n<p><span style=\"color: #339966;\"><strong>\u00e1prilis 25., szombat<\/strong><\/span><\/p>\n<p><strong>TAVASZKERT S\u00c1TOR<\/strong><\/p>\n<p>10:00 Cs\u00f3k\u00e1s D\u00e1vid: Alternat\u00edv n\u00f6v\u00e9nynevel\u00e9si m\u00f3dok a lak\u00e1sban: hidrokult\u00fara (gyakorlati bemutat\u00f3)<br \/>11:00 Hrisztov Athene: Sokarc\u00fa kert<br \/>12:00 Keresztes M\u00e1ria: Hortenzi\u00e1k &#8211; A kert eleg\u00e1ns d\u00edv\u00e1i<br \/>13:00 T\u00f6r\u00f6k Zita: \u0150shonos vadvir\u00e1gok, m\u00e9hlegel\u0151k \u00e9s beporz\u00f3bar\u00e1t kertek<br \/>14:00 Czuppon B\u00e1lint: A ragadoz\u00f3 (\u201eh\u00fasev\u0151\u201d) n\u00f6v\u00e9nyek otthoni tart\u00e1s\u00e1nak titkai<br \/>15:00 Varga Marianna: Tea magyarul &#8211; Teacserje termeszt\u00e9s Magyarorsz\u00e1gon<br \/>16:00 Nagy Z. R\u00f3bert: N\u00f6v\u00e9nyszapor\u00edt\u00e1si m\u00f3dszerek az \u00e9vszakokhoz igaz\u00edtva<\/p>\n<p><span style=\"color: #339966;\"><strong>\u00e1prilis 26., vas\u00e1rnap<\/strong><\/span><br \/><strong><\/strong><\/p>\n<p><strong>TAVASZKERT S\u00c1TOR<\/strong><\/p>\n<p>10:00 Reczer G\u00e1bor: V\u00edzmeg\u0151rz\u00e9s \u00e9s n\u00f6v\u00e9nyt\u00e1pl\u00e1l\u00e1s a gyapj\u00fa erej\u00e9vel<br \/>11:00 Rosta G\u00e1bor: V\u00e1rosi- k\u00f6z\u00f6ss\u00e9gi kerteket alap\u00edt\u00e1sa<br \/>12:00 T\u00f6r\u00f6k Zita: \u0150shonos vadvir\u00e1gok, m\u00e9hlegel\u0151k \u00e9s beporz\u00f3bar\u00e1t kertek<br \/>13:00 Kassai \u00c1kos: Alternat\u00edv n\u00f6v\u00e9nynevel\u00e9si m\u00f3dok a lak\u00e1sban: mohakar\u00f3 \u00e9s annak haszn\u00e1lata (gyakorlati bemutat\u00f3<br \/>14:00 Czuppon B\u00e1lint: A ragadoz\u00f3 (\u201eh\u00fasev\u0151\u201d) n\u00f6v\u00e9nyek otthoni tart\u00e1s\u00e1nak titkai<br \/>15:00 Klincsek P\u00e1l-\u00d3nodi Szab\u00f3 S\u00e1ndor: Komisz\u00e1r tan\u00e1r \u00far \u201ehagyat\u00e9k\u00e1b\u00f3l\u201d: Tavaszi kerti tennival\u00f3k<br \/>16:00 Orgov\u00e1nyi Viktor: Kertjeink j\u00f6v\u0151je- A j\u00f6v\u0151 kertje Kl\u00edmav\u00e1ltoz\u00e1s kih\u00edv\u00e1sai, a kertjeinkben alkalmazkod\u00f3, ellen\u00e1ll\u00f3 d\u00edsz \u00e9s haszonn\u00f6v\u00e9nyek, term\u00e9szetes megold\u00e1sok<\/p>\n<p>[\/et_pb_text][\/et_pb_column][\/et_pb_row][\/et_pb_section]<\/p>\n","protected":false},"excerpt":{"rendered":"<p>tavaszkert D\u00edszn\u00f6v\u00e9ny 2026 Szakki\u00e1ll\u00edt\u00e1s \u00e9s V\u00e1s\u00e1r 2026. \u00e1prilis 24-26.MATE Budai Campus1119 Budapest, Vill\u00e1nyi \u00fat 29-43.PROGRAMOKT\u00f6bb, mint 100 ki\u00e1ll\u00edt\u00f3 k\u00fcl\u00f6nleges n\u00f6v\u00e9nyes, kert\u00e9szeti, termel\u0151i \u00e9s term\u00e9szetesk\u00f6zeli diz\u00e1jn term\u00e9k k\u00edn\u00e1lata Extr\u00e9m N\u00f6v\u00e9nyek Vil\u00e1ga Ki\u00e1ll\u00edt\u00e1s a MATE f\u0151\u00e9p\u00fclet\u00e9ben tavaszkert s\u00e9ta a Budai Arbor\u00e9tumban szakvezet\u0151i s\u00e9ta, indul\u00e1si id\u0151pontok a rendezv\u00e9ny minden napj\u00e1n 11:00 \u00e9s 15:00 \u00f3rakor Biokert l\u00e1togat\u00e1s magas\u00e1gy\u00e1s workshoppal [&hellip;]<\/p>\n","protected":false},"author":1,"featured_media":0,"parent":0,"menu_order":0,"comment_status":"closed","ping_status":"closed","template":"","meta":{"_et_pb_use_builder":"on","_et_pb_old_content":"<!-- wp:divi\/placeholder \/-->","_et_gb_content_width":"","footnotes":""},"class_list":["post-15","page","type-page","status-publish","hentry"],"_links":{"self":[{"href":"https:\/\/tavaszkert.hu\/index.php\/wp-json\/wp\/v2\/pages\/15","targetHints":{"allow":["GET"]}}],"collection":[{"href":"https:\/\/tavaszkert.hu\/index.php\/wp-json\/wp\/v2\/pages"}],"about":[{"href":"https:\/\/tavaszkert.hu\/index.php\/wp-json\/wp\/v2\/types\/page"}],"author":[{"embeddable":true,"href":"https:\/\/tavaszkert.hu\/index.php\/wp-json\/wp\/v2\/users\/1"}],"replies":[{"embeddable":true,"href":"https:\/\/tavaszkert.hu\/index.php\/wp-json\/wp\/v2\/comments?post=15"}],"version-history":[{"count":44,"href":"https:\/\/tavaszkert.hu\/index.php\/wp-json\/wp\/v2\/pages\/15\/revisions"}],"predecessor-version":[{"id":1243,"href":"https:\/\/tavaszkert.hu\/index.php\/wp-json\/wp\/v2\/pages\/15\/revisions\/1243"}],"wp:attachment":[{"href":"https:\/\/tavaszkert.hu\/index.php\/wp-json\/wp\/v2\/media?parent=15"}],"curies":[{"name":"wp","href":"https:\/\/api.w.org\/{rel}","templated":true}]}}