{"id":3,"date":"2024-01-21T12:07:54","date_gmt":"2024-01-21T12:07:54","guid":{"rendered":"https:\/\/tavaszkert.hu\/?page_id=3"},"modified":"2024-03-28T13:34:24","modified_gmt":"2024-03-28T13:34:24","slug":"privacy-policy","status":"publish","type":"page","link":"https:\/\/tavaszkert.hu\/index.php\/privacy-policy\/","title":{"rendered":"Privacy Policy"},"content":{"rendered":"<p>[et_pb_section fb_built=&#8221;1&#8243; admin_label=&#8221;section&#8221; _builder_version=&#8221;4.16&#8243; global_colors_info=&#8221;{}&#8221;][et_pb_row admin_label=&#8221;row&#8221; _builder_version=&#8221;4.16&#8243; background_size=&#8221;initial&#8221; background_position=&#8221;top_left&#8221; background_repeat=&#8221;repeat&#8221; global_colors_info=&#8221;{}&#8221;][et_pb_column type=&#8221;4_4&#8243; _builder_version=&#8221;4.16&#8243; custom_padding=&#8221;|||&#8221; global_colors_info=&#8221;{}&#8221; custom_padding__hover=&#8221;|||&#8221;][et_pb_text _builder_version=&#8221;4.24.2&#8243; _module_preset=&#8221;default&#8221; global_colors_info=&#8221;{}&#8221;]<\/p>\n<p>FELIRATKOZOM!<\/p>\n<p><em>Ne agg\u00f3dj, ha esetleg meggondoln\u00e1d magadat, egy kattint\u00e1ssal b\u00e1rmikor leiratkozhatsz!<\/em><\/p>\n<p>&nbsp;<\/p>\n<p><strong>1.AZ ADATKEZEL\u0150 MEGNEVEZ\u00c9SE<\/strong>\u00a0<\/p>\n<p>N\u00e9v: Disszemin\u00e1ci\u00f3 Kft<br \/>Sz\u00e9khely \u00e9s levelez\u00e9si c\u00edm: 6722 Szeged, Kossuth Lajos sug\u00e1r\u00fat 18-20. 1. em. 2.<br \/>Telefonsz\u00e1m: +3630 343 1853<br \/>Email c\u00edm: tavaszkert@gmail.com<\/p>\n<p>T\u00e1rhely szolg\u00e1ltat\u00f3<\/p>\n<p>N\u00e9v: Websupport Magyarorsz\u00e1g Kft.<br \/>Sz\u00e9khely \u00e9s levelez\u00e9si c\u00edm: Budapest, Feh\u00e9rv\u00e1ri \u00fat 97-99, 1119<br \/>Email c\u00edm: support@websupport.hu<\/p>\n<p>&nbsp;<\/p>\n<p>T\u00e1rhely szolg\u00e1ltat\u00f3<\/p>\n<p>N\u00e9v: Ocean\u2019s Dream Bt.<br \/>Sz\u00e9khely \u00e9s levelez\u00e9si c\u00edm: 1162 Budapest Dob\u00f3 utca 64<br \/>Email c\u00edm: info@oceansdream.hu<\/p>\n<p>&nbsp;<\/p>\n<ol start=\"2\">\n<li><strong>A KEZELT SZEM\u00c9LYES ADATOK K\u00d6RE<\/strong><\/li>\n<\/ol>\n<p>A h\u00edrlev\u00e9l k\u00fcld\u00e9shez kapcsol\u00f3d\u00f3an a k\u00f6vetkez\u0151 szem\u00e9lyes adat\u00e1t kezelj\u00fck:<\/p>\n<ul>\n<li>n\u00e9v,<\/li>\n<li>e-mail c\u00edm.<\/li>\n<\/ul>\n<p>&nbsp;<\/p>\n<ol start=\"3\">\n<li><strong>AZ ADATKEZEL\u00c9S JOGALAPJA, C\u00c9LJA \u00c9S M\u00d3DJA<\/strong><\/li>\n<\/ol>\n<p>3.1. Az adatkezel\u00e9sre az \u00d6n \u00f6nk\u00e9ntes, megfelel\u0151 t\u00e1j\u00e9koztat\u00e1son alapul\u00f3 nyilatkozata alapj\u00e1n ker\u00fcl sor, amely nyilatkozat tartalmazza az \u00d6n kifejezett hozz\u00e1j\u00e1rul\u00e1s\u00e1t ahhoz, hogy a h\u00edrlev\u00e9l feliratkoz\u00e1s sor\u00e1n k\u00f6z\u00f6lt szem\u00e9lyes adatai felhaszn\u00e1l\u00e1sra ker\u00fcljenek. Az adatkezel\u00e9s jogalapja: az Eur\u00f3pai Parlament \u00e9s a Tan\u00e1cs (EU) 2016\/679 Rendelete (\u00c1ltal\u00e1nos Adatv\u00e9delmi Rendelet) 6. cikk (1) bekezd\u00e9s a) pontja szerint az \u00e9rintett \u00f6nk\u00e9ntes hozz\u00e1j\u00e1rul\u00e1sa.<\/p>\n<p>A hozz\u00e1j\u00e1rul\u00e1st \u00d6n a h\u00edrlev\u00e9l k\u00fcld\u00e9sre vonatkoz\u00f3 adatkezel\u00e9s tekintet\u00e9ben a h\u00edrlev\u00e9lre t\u00f6rt\u00e9n\u0151 feliratkoz\u00e1s sor\u00e1n, a k\u00e9rd\u00e9ses adatok \u00f6nk\u00e9ntes megad\u00e1s\u00e1val adja meg, a hozz\u00e1j\u00e1rul\u00f3 nyilatkozat \u00f6nk\u00e9ntes bepip\u00e1l\u00e1s\u00e1val.<\/p>\n<p>3.2. Az adatkezel\u00e9s c\u00e9lja a h\u00edrlev\u00e9l \u00d6n \u00e1ltal megadott e-mail c\u00edm\u00e9re t\u00f6rt\u00e9n\u0151 elk\u00fcld\u00e9s\u00e9nek biztos\u00edt\u00e1sa. Adatkezel\u0151 az \u00d6n \u00e1ltal rendelkez\u00e9sre bocs\u00e1tott adatokat c\u00e9lhoz k\u00f6t\u00f6tten, kiz\u00e1r\u00f3lag h\u00edrlev\u00e9l k\u00fcld\u00e9sre haszn\u00e1lja.<\/p>\n<p>3.3. Adatkezel\u0151 a megadott szem\u00e9lyes adatokat a 4.2. pontban le\u00edrtakt\u00f3l elt\u00e9r\u0151 c\u00e9lokra nem haszn\u00e1lja, illetve haszn\u00e1lhatja fel. Szem\u00e9lyes adatok harmadik szem\u00e9ly sz\u00e1m\u00e1ra t\u00f6rt\u00e9n\u0151 kiad\u00e1sa \u2013 hacsak jogszab\u00e1ly ett\u0151l elt\u00e9r\u0151en nem rendelkezik k\u00f6telez\u0151 er\u0151vel \u2013 kiz\u00e1r\u00f3lag az \u00d6n el\u0151zetes, kifejezett hozz\u00e1j\u00e1rul\u00e1sa eset\u00e9n lehets\u00e9ges.<\/p>\n<p>3.4. Adatkezel\u0151 a neki megadott szem\u00e9lyes adatokat nem ellen\u0151rzi. A megadott adatok val\u00f3dis\u00e1g\u00e1\u00e9rt kiz\u00e1r\u00f3lag az azt megad\u00f3 szem\u00e9ly felel. \u00d6n az e-mail c\u00edm\u00e9nek megad\u00e1sakor egyben felel\u0151ss\u00e9get v\u00e1llal az\u00e9rt, hogy a megadott e-mail c\u00edmr\u0151l kiz\u00e1r\u00f3lag \u00d6n vesz ig\u00e9nybe szolg\u00e1ltat\u00e1st. E felel\u0151ss\u00e9gv\u00e1llal\u00e1sra tekintettel egy megadott e-mail c\u00edmen t\u00f6rt\u00e9nt bel\u00e9p\u00e9sekkel \u00f6sszef\u00fcgg\u0151 mindennem\u0171 felel\u0151ss\u00e9g kiz\u00e1r\u00f3lag \u00d6nt, mint azon \u00e9rintett terheli, aki az e-mail c\u00edmet regisztr\u00e1lta.<\/p>\n<p>&nbsp;<\/p>\n<ol start=\"4\">\n<li><strong>AZ ADATKEZEL\u00c9S ID\u0150TARTAMA<\/strong><\/li>\n<\/ol>\n<p>H\u00edrlev\u00e9l eset\u00e9n a szem\u00e9lyes adatok kezel\u00e9se a h\u00edrlev\u00e9lr\u0151l a 7. pontban meghat\u00e1rozott m\u00f3don t\u00f6rt\u00e9n\u0151 leiratkoz\u00e1sig tart.<\/p>\n<p>&nbsp;<\/p>\n<ol start=\"5\">\n<li><strong>AZ ADATOKAT MEGISMER\u0150 SZEM\u00c9LYEK K\u00d6RE, ADATTOV\u00c1BB\u00cdT\u00c1S, ADATFELDOLGOZ\u00c1S<\/strong><\/li>\n<\/ol>\n<p>Az adatokat els\u0151dlegesen Adatkezel\u0151, illetve Adatkezel\u0151 azon bels\u0151 munkat\u00e1rsai jogosultak megismerni, akiknek az adat megismer\u00e9se \u00e9s kezel\u00e9se a munkak\u00f6ri feladataihoz kapcsol\u00f3dik.<\/p>\n<p>&nbsp;<\/p>\n<ol start=\"6\">\n<li><strong>\u00c9RINTETT JOGAI \u00c9S JOG\u00c9RV\u00c9NYES\u00cdT\u00c9SI LEHET\u0150S\u00c9GEK<\/strong><\/li>\n<\/ol>\n<p>6.1. \u00d6n b\u00e1rmikor jogosult t\u00e1j\u00e9koztat\u00e1st k\u00e9rni az Adatkezel\u0151 \u00e1ltal kezelt, \u00d6nre vonatkoz\u00f3 szem\u00e9lyes adatokr\u00f3l, tov\u00e1bb\u00e1 b\u00e1rmikor m\u00f3dos\u00edthatja azokat, a 6.3 pont szerinti el\u00e9rhet\u0151s\u00e9gre k\u00fcld\u00f6tt e-mailes megkeres\u00e9ssel.<\/p>\n<p>6.2. Adatkezel\u0151 az \u00d6n k\u00e9r\u00e9s\u00e9re t\u00e1j\u00e9koztat\u00e1st ad az \u00d6nre vonatkoz\u00f3, \u00e1ltala kezelt adatokr\u00f3l, az \u00e1ltala vagy rendelkez\u00e9se szerint megb\u00edzott adatfeldolgoz\u00f3 \u00e1ltal feldolgozott adatair\u00f3l, azok forr\u00e1s\u00e1r\u00f3l, az adatkezel\u00e9s c\u00e9lj\u00e1r\u00f3l, jogalapj\u00e1r\u00f3l, id\u0151tartam\u00e1r\u00f3l, tov\u00e1bb\u00e1 az adatfeldolgoz\u00f3 nev\u00e9r\u0151l, c\u00edm\u00e9r\u0151l \u00e9s az adatkezel\u00e9ssel \u00f6sszef\u00fcgg\u0151 tev\u00e9kenys\u00e9g\u00e9r\u0151l, az adatv\u00e9delmi incidens k\u00f6r\u00fclm\u00e9nyeir\u0151l, hat\u00e1sair\u00f3l \u00e9s az elh\u00e1r\u00edt\u00e1s\u00e1ra megtett int\u00e9zked\u00e9sekr\u0151l, tov\u00e1bb\u00e1 \u2013 az \u00c9rintett szem\u00e9lyes adatainak tov\u00e1bb\u00edt\u00e1sa eset\u00e9n \u2013 az adattov\u00e1bb\u00edt\u00e1s jogalapj\u00e1r\u00f3l \u00e9s c\u00edmzettj\u00e9r\u0151l a k\u00e9relem beny\u00fajt\u00e1s\u00e1t\u00f3l sz\u00e1m\u00edtott egy h\u00f3napon bel\u00fcl \u00edr\u00e1sban.<\/p>\n<p>Adatkezel\u0151 \u2013 adatv\u00e9delmi tisztvisel\u0151je \u00fatj\u00e1n \u2013 az adatv\u00e9delmi incidenssel kapcsolatos int\u00e9zked\u00e9sek ellen\u0151rz\u00e9se, valamint az \u00d6n t\u00e1j\u00e9koztat\u00e1sa c\u00e9lj\u00e1b\u00f3l nyilv\u00e1ntart\u00e1st vezet, amely tartalmazza az \u00e9rintett szem\u00e9lyes adatok k\u00f6r\u00e9t, az adatv\u00e9delmi incidenssel \u00e9rintettek k\u00f6r\u00e9t \u00e9s sz\u00e1m\u00e1t, az adatv\u00e9delmi incidens id\u0151pontj\u00e1t, k\u00f6r\u00fclm\u00e9nyeit, hat\u00e1sait \u00e9s az elh\u00e1r\u00edt\u00e1s\u00e1ra megtett int\u00e9zked\u00e9seket, valamint az adatkezel\u00e9st el\u0151\u00edr\u00f3 jogszab\u00e1lyban meghat\u00e1rozott egy\u00e9b adatokat.<\/p>\n<p>6.3. \u00d6n a jogait az al\u00e1bbi el\u00e9rhet\u0151s\u00e9geken gyakorolhatja:<\/p>\n<p>E-mail c\u00edm: hirlevel@tavaszkert.hu<\/p>\n<p>\u00d6n b\u00e1rmely, az adatkezel\u00e9ssel kapcsolatos k\u00e9rd\u00e9ssel, illetve \u00e9szrev\u00e9tellel Adatkezel\u0151 adatv\u00e9delmi tisztvisel\u0151j\u00e9hez fordulhat a jelen pontban megadott el\u00e9rhet\u0151s\u00e9geken kereszt\u00fcl.<\/p>\n<p>6.4. \u00d6n b\u00e1rmikor jogosult a helytelen\u00fcl r\u00f6gz\u00edtett adatainak helyesb\u00edt\u00e9s\u00e9t vagy azok t\u00f6rl\u00e9s\u00e9t k\u00e9rni. Adatkezel\u0151 a kiskertpiac@gmail.com \u00a0e-mail c\u00edmre be\u00e9rkezett k\u00e9relem be\u00e9rkez\u00e9s\u00e9t\u0151l sz\u00e1m\u00edtott 24 \u00f3r\u00e1n bel\u00fcl bel\u00fcl helyesb\u00edti vagy t\u00f6rli az adatokat.<\/p>\n<p>Ha Adatkezel\u0151 az \u00c9rintett helyesb\u00edt\u00e9s vagy t\u00f6rl\u00e9s ir\u00e1nti k\u00e9relm\u00e9t nem teljes\u00edti, a k\u00e9relem k\u00e9zhezv\u00e9tel\u00e9t k\u00f6vet\u0151 egy h\u00f3napon bel\u00fcl \u00edr\u00e1sban k\u00f6zli a t\u00f6rl\u00e9s ir\u00e1nti k\u00e9relem elutas\u00edt\u00e1s\u00e1nak t\u00e9nybeli \u00e9s jogi indokait.<\/p>\n<p>Az \u00c9rintett tiltakozhat szem\u00e9lyes adat\u00e1nak kezel\u00e9se ellen. Adatkezel\u0151 a tiltakoz\u00e1st a k\u00e9relem beny\u00fajt\u00e1s\u00e1t\u00f3l sz\u00e1m\u00edtott legr\u00f6videbb id\u0151n bel\u00fcl, de legfeljebb egy h\u00f3nap alatt megvizsg\u00e1lja, annak megalapozotts\u00e1ga k\u00e9rd\u00e9s\u00e9ben d\u00f6nt\u00e9st hoz, \u00e9s d\u00f6nt\u00e9s\u00e9r\u0151l a k\u00e9relmez\u0151t \u00edr\u00e1sban t\u00e1j\u00e9koztatja.<\/p>\n<p>7.5. Az \u00c9rintett panasz\u00e1val a Nemzeti Adatv\u00e9delmi \u00e9s Inform\u00e1ci\u00f3szabads\u00e1g Hat\u00f3s\u00e1ghoz (1055 Budapest, Falk Miksa u. 9-11.;\u00a0<a href=\"http:\/\/www.naih.hu\/\"><strong>www.naih.hu<\/strong><\/a>,\u00a0<a href=\"mailto:info@naih.hu\"><strong>info@naih.hu<\/strong><\/a>) fordulhat.<\/p>\n<p>7.6. Amennyiben \u00d6n a szolg\u00e1ltat\u00e1s ig\u00e9nybev\u00e9tel\u00e9hez harmadik f\u00e9l adatait adta meg, Adatkezel\u0151 jogosult az \u00d6nnel szembeni k\u00e1rt\u00e9r\u00edt\u00e9s \u00e9rv\u00e9nyes\u00edt\u00e9s\u00e9re. Adatkezel\u0151 ilyen esetben minden t\u0151le telhet\u0151 seg\u00edts\u00e9get megad az elj\u00e1r\u00f3 hat\u00f3s\u00e1goknak a jogs\u00e9rt\u0151 szem\u00e9ly szem\u00e9lyazonoss\u00e1g\u00e1nak meg\u00e1llap\u00edt\u00e1sa c\u00e9lj\u00e1b\u00f3l.<\/p>\n<p>&nbsp;<\/p>\n<ol start=\"7\">\n<li><strong>LEIRATKOZ\u00c1S<\/strong><\/li>\n<\/ol>\n<p>H\u00edrlev\u00e9l eset\u00e9ben az Adatkezel\u0151 mindaddig kezeli az \u00d6n h\u00edrlev\u00e9l feliratkoz\u00e1sa sor\u00e1n megadott adatait, ameddig \u00d6n a h\u00edrlev\u00e9lr\u0151l le nem iratkozik a feliratkoz\u00f3k list\u00e1j\u00e1r\u00f3l, a h\u00edrlev\u00e9l alj\u00e1n tal\u00e1lhat\u00f3 \u201eLeiratkoz\u00e1s\u201d gombra kattintva. Leiratkoz\u00e1s eset\u00e9n Adatkezel\u0151 a tov\u00e1bbiakban a h\u00edrlev\u00e9llel nem keresi meg \u00d6nt. \u00d6n b\u00e1rmikor ingyenesen leiratkozhat a h\u00edrlev\u00e9lr\u0151l \u00e9s hozz\u00e1j\u00e1rul\u00e1s\u00e1t visszavonhatja.<\/p>\n<p>&nbsp;<\/p>\n<ol start=\"8\">\n<li><strong>EGY\u00c9B RENDELKEZ\u00c9SEK<\/strong><\/li>\n<\/ol>\n<p>8.1. Minden olyan esetben, ha a szolg\u00e1ltatott adatokat Adatkezel\u0151 az eredeti adatfelv\u00e9tel c\u00e9lj\u00e1t\u00f3l elt\u00e9r\u0151 c\u00e9lra k\u00edv\u00e1nja felhaszn\u00e1lni, err\u0151l \u00d6nt t\u00e1j\u00e9koztatja, \u00e9s ehhez el\u0151zetes, kifejezett hozz\u00e1j\u00e1rul\u00e1s\u00e1t megszerzi, illet\u0151leg lehet\u0151s\u00e9get biztos\u00edt sz\u00e1m\u00e1ra, hogy a felhaszn\u00e1l\u00e1st megtiltsa.<\/p>\n<p>8.2. Adatkezel\u0151 k\u00f6telezi mag\u00e1t, hogy gondoskodik az adatok biztons\u00e1g\u00e1r\u00f3l, megteszi tov\u00e1bb\u00e1 azokat a technikai int\u00e9zked\u00e9seket, amelyek biztos\u00edtj\u00e1k, hogy a felvett, t\u00e1rolt, illetve kezelt adatok v\u00e9dettek legyenek, illet\u0151leg mindent megtesz annak \u00e9rdek\u00e9ben, hogy megakad\u00e1lyozza azok megsemmis\u00fcl\u00e9s\u00e9t, jogosulatlan felhaszn\u00e1l\u00e1s\u00e1t \u00e9s jogosulatlan megv\u00e1ltoztat\u00e1s\u00e1t. K\u00f6telezi mag\u00e1t arra is, hogy minden olyan harmadik felet, akiknek az adatokat esetlegesen tov\u00e1bb\u00edtja vagy \u00e1tadja, ugyancsak felh\u00edvja ez ir\u00e1ny\u00fa k\u00f6telezetts\u00e9geinek teljes\u00edt\u00e9s\u00e9re.<\/p>\n<p>8.3. Adatkezel\u0151 fenntartja a jogot, hogy az adatkezel\u00e9sre vonatkoz\u00f3 szab\u00e1lyokat \u00e9s t\u00e1j\u00e9koztat\u00e1sokat a honlapj\u00e1n t\u00f6rt\u00e9n\u0151 \u00e9rtes\u00edt\u00e9s mellett egyoldal\u00faan m\u00f3dos\u00edtsa.<\/p>\n<p>Budapest, 2024.03.01<\/p>\n<p>[\/et_pb_text][\/et_pb_column][\/et_pb_row][\/et_pb_section]<\/p>\n","protected":false},"excerpt":{"rendered":"<p>FELIRATKOZOM! Ne agg\u00f3dj, ha esetleg meggondoln\u00e1d magadat, egy kattint\u00e1ssal b\u00e1rmikor leiratkozhatsz! &nbsp; 1.AZ ADATKEZEL\u0150 MEGNEVEZ\u00c9SE\u00a0 N\u00e9v: Disszemin\u00e1ci\u00f3 KftSz\u00e9khely \u00e9s levelez\u00e9si c\u00edm: 6722 Szeged, Kossuth Lajos sug\u00e1r\u00fat 18-20. 1. em. 2.Telefonsz\u00e1m: +3630 343 1853Email c\u00edm: tavaszkert@gmail.com T\u00e1rhely szolg\u00e1ltat\u00f3 N\u00e9v: Websupport Magyarorsz\u00e1g Kft.Sz\u00e9khely \u00e9s levelez\u00e9si c\u00edm: Budapest, Feh\u00e9rv\u00e1ri \u00fat 97-99, 1119Email c\u00edm: support@websupport.hu &nbsp; T\u00e1rhely szolg\u00e1ltat\u00f3 N\u00e9v: [&hellip;]<\/p>\n","protected":false},"author":1,"featured_media":0,"parent":0,"menu_order":0,"comment_status":"closed","ping_status":"open","template":"","meta":{"_et_pb_use_builder":"on","_et_pb_old_content":"<!-- wp:heading --><h2>Who we are<\/h2><!-- \/wp:heading --><!-- wp:paragraph --><p><strong class=\"privacy-policy-tutorial\">Suggested text: <\/strong>Our website address is: https:\/\/tavaszkert.hu.<\/p><!-- \/wp:paragraph --><!-- wp:heading --><h2>Comments<\/h2><!-- \/wp:heading --><!-- wp:paragraph --><p><strong class=\"privacy-policy-tutorial\">Suggested text: <\/strong>When visitors leave comments on the site we collect the data shown in the comments form, and also the visitor&#8217;s IP address and browser user agent string to help spam detection.<\/p><!-- \/wp:paragraph --><!-- wp:paragraph --><p>An anonymized string created from your email address (also called a hash) may be provided to the Gravatar service to see if you are using it. The Gravatar service privacy policy is available here: https:\/\/automattic.com\/privacy\/. After approval of your comment, your profile picture is visible to the public in the context of your comment.<\/p><!-- \/wp:paragraph --><!-- wp:heading --><h2>Media<\/h2><!-- \/wp:heading --><!-- wp:paragraph --><p><strong class=\"privacy-policy-tutorial\">Suggested text: <\/strong>If you upload images to the website, you should avoid uploading images with embedded location data (EXIF GPS) included. Visitors to the website can download and extract any location data from images on the website.<\/p><!-- \/wp:paragraph --><!-- wp:heading --><h2>Cookies<\/h2><!-- \/wp:heading --><!-- wp:paragraph --><p><strong class=\"privacy-policy-tutorial\">Suggested text: <\/strong>If you leave a comment on our site you may opt-in to saving your name, email address and website in cookies. These are for your convenience so that you do not have to fill in your details again when you leave another comment. These cookies will last for one year.<\/p><!-- \/wp:paragraph --><!-- wp:paragraph --><p>If you visit our login page, we will set a temporary cookie to determine if your browser accepts cookies. This cookie contains no personal data and is discarded when you close your browser.<\/p><!-- \/wp:paragraph --><!-- wp:paragraph --><p>When you log in, we will also set up several cookies to save your login information and your screen display choices. Login cookies last for two days, and screen options cookies last for a year. If you select &quot;Remember Me&quot;, your login will persist for two weeks. If you log out of your account, the login cookies will be removed.<\/p><!-- \/wp:paragraph --><!-- wp:paragraph --><p>If you edit or publish an article, an additional cookie will be saved in your browser. This cookie includes no personal data and simply indicates the post ID of the article you just edited. It expires after 1 day.<\/p><!-- \/wp:paragraph --><!-- wp:heading --><h2>Embedded content from other websites<\/h2><!-- \/wp:heading --><!-- wp:paragraph --><p><strong class=\"privacy-policy-tutorial\">Suggested text: <\/strong>Articles on this site may include embedded content (e.g. videos, images, articles, etc.). Embedded content from other websites behaves in the exact same way as if the visitor has visited the other website.<\/p><!-- \/wp:paragraph --><!-- wp:paragraph --><p>These websites may collect data about you, use cookies, embed additional third-party tracking, and monitor your interaction with that embedded content, including tracking your interaction with the embedded content if you have an account and are logged in to that website.<\/p><!-- \/wp:paragraph --><!-- wp:heading --><h2>Who we share your data with<\/h2><!-- \/wp:heading --><!-- wp:paragraph --><p><strong class=\"privacy-policy-tutorial\">Suggested text: <\/strong>If you request a password reset, your IP address will be included in the reset email.<\/p><!-- \/wp:paragraph --><!-- wp:heading --><h2>How long we retain your data<\/h2><!-- \/wp:heading --><!-- wp:paragraph --><p><strong class=\"privacy-policy-tutorial\">Suggested text: <\/strong>If you leave a comment, the comment and its metadata are retained indefinitely. This is so we can recognize and approve any follow-up comments automatically instead of holding them in a moderation queue.<\/p><!-- \/wp:paragraph --><!-- wp:paragraph --><p>For users that register on our website (if any), we also store the personal information they provide in their user profile. All users can see, edit, or delete their personal information at any time (except they cannot change their username). Website administrators can also see and edit that information.<\/p><!-- \/wp:paragraph --><!-- wp:heading --><h2>What rights you have over your data<\/h2><!-- \/wp:heading --><!-- wp:paragraph --><p><strong class=\"privacy-policy-tutorial\">Suggested text: <\/strong>If you have an account on this site, or have left comments, you can request to receive an exported file of the personal data we hold about you, including any data you have provided to us. You can also request that we erase any personal data we hold about you. This does not include any data we are obliged to keep for administrative, legal, or security purposes.<\/p><!-- \/wp:paragraph --><!-- wp:heading --><h2>Where your data is sent<\/h2><!-- \/wp:heading --><!-- wp:paragraph --><p><strong class=\"privacy-policy-tutorial\">Suggested text: <\/strong>Visitor comments may be checked through an automated spam detection service.<\/p><!-- \/wp:paragraph -->","_et_gb_content_width":"","footnotes":""},"class_list":["post-3","page","type-page","status-publish","hentry"],"_links":{"self":[{"href":"https:\/\/tavaszkert.hu\/index.php\/wp-json\/wp\/v2\/pages\/3","targetHints":{"allow":["GET"]}}],"collection":[{"href":"https:\/\/tavaszkert.hu\/index.php\/wp-json\/wp\/v2\/pages"}],"about":[{"href":"https:\/\/tavaszkert.hu\/index.php\/wp-json\/wp\/v2\/types\/page"}],"author":[{"embeddable":true,"href":"https:\/\/tavaszkert.hu\/index.php\/wp-json\/wp\/v2\/users\/1"}],"replies":[{"embeddable":true,"href":"https:\/\/tavaszkert.hu\/index.php\/wp-json\/wp\/v2\/comments?post=3"}],"version-history":[{"count":3,"href":"https:\/\/tavaszkert.hu\/index.php\/wp-json\/wp\/v2\/pages\/3\/revisions"}],"predecessor-version":[{"id":366,"href":"https:\/\/tavaszkert.hu\/index.php\/wp-json\/wp\/v2\/pages\/3\/revisions\/366"}],"wp:attachment":[{"href":"https:\/\/tavaszkert.hu\/index.php\/wp-json\/wp\/v2\/media?parent=3"}],"curies":[{"name":"wp","href":"https:\/\/api.w.org\/{rel}","templated":true}]}}